{"id":2258,"date":"2024-10-08T06:13:44","date_gmt":"2024-10-08T06:13:44","guid":{"rendered":"https:\/\/johanessspagrandbaie.com\/?page_id=2258"},"modified":"2024-10-29T11:35:47","modified_gmt":"2024-10-29T11:35:47","slug":"soins-des-ongles","status":"publish","type":"page","link":"https:\/\/johanessspagrandbaie.com\/en\/soins-des-ongles\/","title":{"rendered":"Nail Care"},"content":{"rendered":"<div data-elementor-type=\"wp-page\" data-elementor-id=\"2258\" class=\"elementor elementor-2258\">\n\t\t\t\t<div class=\"elementor-element elementor-element-b08e0c2 e-con-full e-flex e-con e-parent\" data-id=\"b08e0c2\" data-element_type=\"container\" data-e-type=\"container\" data-settings=\"{&quot;background_background&quot;:&quot;classic&quot;}\">\n\t\t<div class=\"elementor-element elementor-element-77b10ee e-con-full e-flex e-con e-child\" data-id=\"77b10ee\" data-element_type=\"container\" data-e-type=\"container\">\n\t\t\t\t<div class=\"elementor-element elementor-element-fe35927 elementor-widget elementor-widget-heading\" data-id=\"fe35927\" data-element_type=\"widget\" data-e-type=\"widget\" data-widget_type=\"heading.default\">\n\t\t\t\t<div class=\"elementor-widget-container\">\n\t\t\t\t\t<h1 class=\"elementor-heading-title elementor-size-default\">Nail Care<\/h1>\t\t\t\t<\/div>\n\t\t\t\t<\/div>\n\t\t\t\t<div class=\"elementor-element elementor-element-587d67d elementor-widget elementor-widget-text-editor\" data-id=\"587d67d\" data-element_type=\"widget\" data-e-type=\"widget\" data-widget_type=\"text-editor.default\">\n\t\t\t\t<div class=\"elementor-widget-container\">\n\t\t\t\t\t\t\t\t\t<p>Our nail treatments are designed to meet your every desire.\u00a0<\/p>\t\t\t\t\t\t\t\t<\/div>\n\t\t\t\t<\/div>\n\t\t\t\t<\/div>\n\t\t\t\t<\/div>\n\t\t<div class=\"elementor-element elementor-element-ac7ae20 e-con-full e-flex e-con e-parent\" data-id=\"ac7ae20\" data-element_type=\"container\" data-e-type=\"container\" data-settings=\"{&quot;background_background&quot;:&quot;classic&quot;}\">\n\t\t<div class=\"elementor-element elementor-element-acb15ac e-con-full e-flex e-con e-child\" data-id=\"acb15ac\" data-element_type=\"container\" data-e-type=\"container\">\n\t\t\t\t<div class=\"elementor-element elementor-element-98e3bb3 elementor-widget elementor-widget-heading\" data-id=\"98e3bb3\" data-element_type=\"widget\" data-e-type=\"widget\" data-widget_type=\"heading.default\">\n\t\t\t\t<div class=\"elementor-widget-container\">\n\t\t\t\t\t<h2 class=\"elementor-heading-title elementor-size-default\"><span style=\"color: #43321f\">Reveal the Beauty <\/span>of Your Nails<\/h2>\t\t\t\t<\/div>\n\t\t\t\t<\/div>\n\t\t\t\t<div class=\"elementor-element elementor-element-87e3bf8 elementor-widget__width-initial elementor-widget elementor-widget-text-editor\" data-id=\"87e3bf8\" data-element_type=\"widget\" data-e-type=\"widget\" data-widget_type=\"text-editor.default\">\n\t\t\t\t<div class=\"elementor-widget-container\">\n\t\t\t\t\t\t\t\t\t<p>Give your nails the care they deserve with our specialized treatments. Whether it's a classic manicure or pedicure, long-lasting polish, or a complete spa experience, our therapists ensure flawless hands and feet.<\/p>\t\t\t\t\t\t\t\t<\/div>\n\t\t\t\t<\/div>\n\t\t\t\t<\/div>\n\t\t<div class=\"elementor-element elementor-element-61be2c7 e-con-full e-flex e-con e-child\" data-id=\"61be2c7\" data-element_type=\"container\" data-e-type=\"container\">\n\t\t\t\t<div class=\"elementor-element elementor-element-bd7ecaa elementor-widget__width-initial elementor-widget elementor-widget-image-carousel\" data-id=\"bd7ecaa\" data-element_type=\"widget\" data-e-type=\"widget\" data-settings=\"{&quot;slides_to_show&quot;:&quot;1&quot;,&quot;navigation&quot;:&quot;none&quot;,&quot;effect&quot;:&quot;fade&quot;,&quot;autoplay_speed&quot;:2000,&quot;speed&quot;:3000,&quot;autoplay&quot;:&quot;yes&quot;,&quot;infinite&quot;:&quot;yes&quot;}\" data-widget_type=\"image-carousel.default\">\n\t\t\t\t<div class=\"elementor-widget-container\">\n\t\t\t\t\t\t\t<div class=\"elementor-image-carousel-wrapper swiper\" role=\"region\" aria-roledescription=\"carousel\" aria-label=\"Carrousel d\u2019images\" dir=\"ltr\">\n\t\t\t<div class=\"elementor-image-carousel swiper-wrapper\" aria-live=\"off\">\n\t\t\t\t\t\t\t\t<div class=\"swiper-slide\" role=\"group\" aria-roledescription=\"slide\" aria-label=\"1 sur 2\"><figure class=\"swiper-slide-inner\"><img decoding=\"async\" class=\"swiper-slide-image\" src=\"https:\/\/johanessspagrandbaie.com\/wp-content\/uploads\/2024\/10\/photo-pedicure.jpg\" alt=\"pedicure\" \/><\/figure><\/div><div class=\"swiper-slide\" role=\"group\" aria-roledescription=\"slide\" aria-label=\"2 sur 2\"><figure class=\"swiper-slide-inner\"><img decoding=\"async\" class=\"swiper-slide-image\" src=\"https:\/\/johanessspagrandbaie.com\/wp-content\/uploads\/2024\/10\/soins-des-ongles-1.jpeg\" alt=\"manucure\" \/><\/figure><\/div>\t\t\t<\/div>\n\t\t\t\t\t\t\t\n\t\t\t\t\t\t\t\t\t<\/div>\n\t\t\t\t\t\t<\/div>\n\t\t\t\t<\/div>\n\t\t\t\t<\/div>\n\t\t\t\t<\/div>\n\t\t<div class=\"elementor-element elementor-element-561e0b3 e-flex e-con-boxed e-con e-parent\" data-id=\"561e0b3\" data-element_type=\"container\" data-e-type=\"container\" data-settings=\"{&quot;background_background&quot;:&quot;classic&quot;}\">\n\t\t\t\t\t<div class=\"e-con-inner\">\n\t\t\t\t<div class=\"elementor-element elementor-element-ed53e08 elementor-widget elementor-widget-heading\" data-id=\"ed53e08\" data-element_type=\"widget\" data-e-type=\"widget\" data-widget_type=\"heading.default\">\n\t\t\t\t<div class=\"elementor-widget-container\">\n\t\t\t\t\t<h2 class=\"elementor-heading-title elementor-size-default\"><span style=\"color: #43321f\">Manicures and <\/span>Pedicures<\/h2>\t\t\t\t<\/div>\n\t\t\t\t<\/div>\n\t\t<div class=\"elementor-element elementor-element-7c402e8 e-con-full e-flex e-con e-child\" data-id=\"7c402e8\" data-element_type=\"container\" data-e-type=\"container\">\n\t\t\t\t<div class=\"elementor-element elementor-element-bfe7af3 elementor-widget elementor-widget-text-editor\" data-id=\"bfe7af3\" data-element_type=\"widget\" data-e-type=\"widget\" data-widget_type=\"text-editor.default\">\n\t\t\t\t<div class=\"elementor-widget-container\">\n\t\t\t\t\t\t\t\t\t<p><u>Spa Manicure <\/u><span style=\"font-size: 20px; color: #43321f;\">(45mins)<\/span><\/p>\n<p><span style=\"font-style: inherit; font-weight: inherit;\"><u>Spa French Manicure<\/u> <\/span><span style=\"font-style: inherit; font-weight: inherit; font-size: 20px; color: #43321f;\">(55mins)<\/span><\/p>\n<p><span style=\"font-style: inherit; font-weight: inherit;\"><u>Spa Pedicure<\/u>&nbsp;<\/span><span style=\"font-style: inherit; font-weight: inherit; font-size: 20px; color: #43321f;\">(55mins)<\/span><\/p>\n<p><span style=\"font-style: inherit; font-weight: inherit;\"><u>Spa French Pedicure<\/u> <\/span><span style=\"font-style: inherit; font-weight: inherit; font-size: 20px; color: #43321f;\">(60mins)<\/span><\/p>\n<p><span style=\"font-style: inherit; font-weight: inherit;\"><u>Classic Nail Polish<\/u> <\/span><span style=\"font-style: inherit; font-weight: inherit; font-size: 20px; color: #43321f;\">(15mins)<\/span><\/p>\n<p><span style=\"font-style: inherit; font-weight: inherit;\"><u>Gel Nail Polish<\/u> <\/span><span style=\"font-style: inherit; font-weight: inherit; font-size: 20px; color: #43321f;\">(15mins)<\/span><\/p>\n<p><span style=\"font-style: inherit; font-weight: inherit;\"><u>Gel Polish Manicure<\/u>&nbsp;<\/span><span style=\"font-style: inherit; font-weight: inherit; font-size: 20px; color: #43321f;\">(70mins)<\/span><\/p>\n<p><span style=\"font-style: inherit; font-weight: inherit;\"><u>Gel Polish Pedicure<\/u>&nbsp;<\/span><span style=\"font-style: inherit; font-weight: inherit; font-size: 20px; color: #43321f;\">(70mins)<\/span><\/p>\n<p><span style=\"font-style: inherit; font-weight: inherit;\"><u>Gentleman Manicure<\/u> <\/span><span style=\"font-style: inherit; font-weight: inherit; font-size: 20px; color: #43321f;\">(50mins)<\/span><\/p>\n<p><span style=\"font-style: inherit; font-weight: inherit;\"><u>Gentleman Pedicure<\/u> <\/span><span style=\"font-style: inherit; font-weight: inherit; font-size: 20px; color: #43321f;\">(55mins)<\/span><\/p>\t\t\t\t\t\t\t\t<\/div>\n\t\t\t\t<\/div>\n\t\t\t\t<div class=\"elementor-element elementor-element-f5097a5 elementor-mobile-align-justify elementor-align-center elementor-widget elementor-widget-button\" data-id=\"f5097a5\" data-element_type=\"widget\" data-e-type=\"widget\" data-widget_type=\"button.default\">\n\t\t\t\t<div class=\"elementor-widget-container\">\n\t\t\t\t\t\t\t\t\t<div class=\"elementor-button-wrapper\">\n\t\t\t\t\t<a class=\"elementor-button elementor-button-link elementor-size-sm\" href=\"https:\/\/johanessspagrandbaie.com\/en\/contact\/\">\n\t\t\t\t\t\t<span class=\"elementor-button-content-wrapper\">\n\t\t\t\t\t\t\t\t\t<span class=\"elementor-button-text\">Book your treatment<\/span>\n\t\t\t\t\t<\/span>\n\t\t\t\t\t<\/a>\n\t\t\t\t<\/div>\n\t\t\t\t\t\t\t\t<\/div>\n\t\t\t\t<\/div>\n\t\t\t\t<\/div>\n\t\t\t\t\t<\/div>\n\t\t\t\t<\/div>\n\t\t<div class=\"elementor-element elementor-element-8288a54 e-flex e-con-boxed e-con e-parent\" data-id=\"8288a54\" data-element_type=\"container\" data-e-type=\"container\">\n\t\t\t\t\t<div class=\"e-con-inner\">\n\t\t\t\t<div class=\"elementor-element elementor-element-0e1d4ed elementor-widget elementor-widget-heading\" data-id=\"0e1d4ed\" data-element_type=\"widget\" data-e-type=\"widget\" data-widget_type=\"heading.default\">\n\t\t\t\t<div class=\"elementor-widget-container\">\n\t\t\t\t\t<h2 class=\"elementor-heading-title elementor-size-default\"><span style=\"color: #43321f\">Our Treatments <\/span>in Detail<\/h2>\t\t\t\t<\/div>\n\t\t\t\t<\/div>\n\t\t\t\t<div class=\"elementor-element elementor-element-f6eb251 elementor-widget elementor-widget-heading\" data-id=\"f6eb251\" data-element_type=\"widget\" data-e-type=\"widget\" data-widget_type=\"heading.default\">\n\t\t\t\t<div class=\"elementor-widget-container\">\n\t\t\t\t\t<h3 class=\"elementor-heading-title elementor-size-default\">Manicure<\/h3>\t\t\t\t<\/div>\n\t\t\t\t<\/div>\n\t\t\t\t<div class=\"elementor-element elementor-element-b99c1d8 elementor-widget elementor-widget-heading\" data-id=\"b99c1d8\" data-element_type=\"widget\" data-e-type=\"widget\" data-widget_type=\"heading.default\">\n\t\t\t\t<div class=\"elementor-widget-container\">\n\t\t\t\t\t<h4 class=\"elementor-heading-title elementor-size-default\">About Manicures<\/h4>\t\t\t\t<\/div>\n\t\t\t\t<\/div>\n\t\t\t\t<div class=\"elementor-element elementor-element-275a02c elementor-widget elementor-widget-text-editor\" data-id=\"275a02c\" data-element_type=\"widget\" data-e-type=\"widget\" data-widget_type=\"text-editor.default\">\n\t\t\t\t<div class=\"elementor-widget-container\">\n\t\t\t\t\t\t\t\t\t<p>A manicure involves cleaning, shaping the nails, and treating the cuticles\u2014essential steps to maintain healthy, strong nails. During the treatment, your hands will be exfoliated to remove dead skin cells, improve circulation, and boost blood flow.<\/p>\t\t\t\t\t\t\t\t<\/div>\n\t\t\t\t<\/div>\n\t\t<div class=\"elementor-element elementor-element-31a9a84 e-con-full e-flex e-con e-child\" data-id=\"31a9a84\" data-element_type=\"container\" data-e-type=\"container\">\n\t\t<div class=\"elementor-element elementor-element-19144fb e-con-full e-flex e-con e-child\" data-id=\"19144fb\" data-element_type=\"container\" data-e-type=\"container\">\n\t\t\t\t<div class=\"elementor-element elementor-element-a14159b elementor-widget elementor-widget-heading\" data-id=\"a14159b\" data-element_type=\"widget\" data-e-type=\"widget\" data-widget_type=\"heading.default\">\n\t\t\t\t<div class=\"elementor-widget-container\">\n\t\t\t\t\t<h4 class=\"elementor-heading-title elementor-size-default\">Our Products<\/h4>\t\t\t\t<\/div>\n\t\t\t\t<\/div>\n\t\t\t\t<div class=\"elementor-element elementor-element-2142228 elementor-widget elementor-widget-heading\" data-id=\"2142228\" data-element_type=\"widget\" data-e-type=\"widget\" data-widget_type=\"heading.default\">\n\t\t\t\t<div class=\"elementor-widget-container\">\n\t\t\t\t\t<h5 class=\"elementor-heading-title elementor-size-default\">ONELAC 3-in-1 Semi-Permanent Polish<\/h5>\t\t\t\t<\/div>\n\t\t\t\t<\/div>\n\t\t\t\t<div class=\"elementor-element elementor-element-7c8c64c elementor-widget elementor-widget-text-editor\" data-id=\"7c8c64c\" data-element_type=\"widget\" data-e-type=\"widget\" data-widget_type=\"text-editor.default\">\n\t\t\t\t<div class=\"elementor-widget-container\">\n\t\t\t\t\t\t\t\t\t<ul><li>Made in France<\/li><li>Reduced drying time (30 seconds instead of 60)<\/li><li>Ultra-shiny and scratch-resistant<\/li><li>Our nail treatments are designed to meet your every desire.<\/li><li>The base and top coat are already integrated into the bottle. However, we offer an additional layer of top coat for enhanced shine and durability.<\/li><\/ul>\t\t\t\t\t\t\t\t<\/div>\n\t\t\t\t<\/div>\n\t\t\t\t<\/div>\n\t\t\t\t<div class=\"elementor-element elementor-element-43f9d6b elementor-widget elementor-widget-image\" data-id=\"43f9d6b\" data-element_type=\"widget\" data-e-type=\"widget\" data-widget_type=\"image.default\">\n\t\t\t\t<div class=\"elementor-widget-container\">\n\t\t\t\t\t\t\t\t\t\t\t\t\t\t\t<img fetchpriority=\"high\" decoding=\"async\" width=\"720\" height=\"411\" src=\"https:\/\/johanessspagrandbaie.com\/wp-content\/uploads\/2024\/10\/produits-Onelac.jpg\" class=\"attachment-large size-large wp-image-2567\" alt=\"manucure\" srcset=\"https:\/\/johanessspagrandbaie.com\/wp-content\/uploads\/2024\/10\/produits-Onelac.jpg.webp 720w, https:\/\/johanessspagrandbaie.com\/wp-content\/uploads\/2024\/10\/produits-Onelac-300x171.jpg.webp 300w\" sizes=\"(max-width: 720px) 100vw, 720px\" \/>\t\t\t\t\t\t\t\t\t\t\t\t\t\t\t<\/div>\n\t\t\t\t<\/div>\n\t\t\t\t<\/div>\n\t\t\t\t<div class=\"elementor-element elementor-element-0513fba elementor-widget elementor-widget-heading\" data-id=\"0513fba\" data-element_type=\"widget\" data-e-type=\"widget\" data-widget_type=\"heading.default\">\n\t\t\t\t<div class=\"elementor-widget-container\">\n\t\t\t\t\t<h5 class=\"elementor-heading-title elementor-size-default\">BIO SCULPTURE Nail Polish<\/h5>\t\t\t\t<\/div>\n\t\t\t\t<\/div>\n\t\t\t\t<div class=\"elementor-element elementor-element-fde5dc7 elementor-widget elementor-widget-text-editor\" data-id=\"fde5dc7\" data-element_type=\"widget\" data-e-type=\"widget\" data-widget_type=\"text-editor.default\">\n\t\t\t\t<div class=\"elementor-widget-container\">\n\t\t\t\t\t\t\t\t\t<p>Vegan-friendly, they contain hardening plant-based extracts derived from Aloe Vera, Lemon, and Ginseng.<\/p>\n<p>They dry quickly, last long, and strengthen the nail. These polishes feature a UV filter and are free of styrene.&nbsp;<\/p>\t\t\t\t\t\t\t\t<\/div>\n\t\t\t\t<\/div>\n\t\t\t\t\t<\/div>\n\t\t\t\t<\/div>\n\t\t<div class=\"elementor-element elementor-element-0e57a53 e-flex e-con-boxed e-con e-parent\" data-id=\"0e57a53\" data-element_type=\"container\" data-e-type=\"container\" data-settings=\"{&quot;background_background&quot;:&quot;classic&quot;}\">\n\t\t\t\t\t<div class=\"e-con-inner\">\n\t\t\t\t<div class=\"elementor-element elementor-element-0e69805 elementor-widget elementor-widget-heading\" data-id=\"0e69805\" data-element_type=\"widget\" data-e-type=\"widget\" data-widget_type=\"heading.default\">\n\t\t\t\t<div class=\"elementor-widget-container\">\n\t\t\t\t\t<h3 class=\"elementor-heading-title elementor-size-default\">Pedicure<\/h3>\t\t\t\t<\/div>\n\t\t\t\t<\/div>\n\t\t<div class=\"elementor-element elementor-element-e86e367 e-con-full e-flex e-con e-child\" data-id=\"e86e367\" data-element_type=\"container\" data-e-type=\"container\">\n\t\t<div class=\"elementor-element elementor-element-7ce2f7c e-con-full e-flex e-con e-child\" data-id=\"7ce2f7c\" data-element_type=\"container\" data-e-type=\"container\">\n\t\t\t\t<div class=\"elementor-element elementor-element-38deb80 elementor-widget elementor-widget-heading\" data-id=\"38deb80\" data-element_type=\"widget\" data-e-type=\"widget\" data-widget_type=\"heading.default\">\n\t\t\t\t<div class=\"elementor-widget-container\">\n\t\t\t\t\t<h4 class=\"elementor-heading-title elementor-size-default\">About Pedicures<\/h4>\t\t\t\t<\/div>\n\t\t\t\t<\/div>\n\t\t\t\t<div class=\"elementor-element elementor-element-34f0409 elementor-widget__width-initial elementor-widget elementor-widget-text-editor\" data-id=\"34f0409\" data-element_type=\"widget\" data-e-type=\"widget\" data-widget_type=\"text-editor.default\">\n\t\t\t\t<div class=\"elementor-widget-container\">\n\t\t\t\t\t\t\t\t\t<p>A pedicure involves cleaning, trimming, and filing the nails to prevent ingrown nails. Scrubbing and massaging help relieve sore feet and muscles while stimulating circulation. Moisturizing oils and creams keep the feet hydrated and help prevent cracking.\u00a0<\/p>\t\t\t\t\t\t\t\t<\/div>\n\t\t\t\t<\/div>\n\t\t\t\t<\/div>\n\t\t\t\t<div class=\"elementor-element elementor-element-f24ba15 elementor-widget elementor-widget-image\" data-id=\"f24ba15\" data-element_type=\"widget\" data-e-type=\"widget\" data-widget_type=\"image.default\">\n\t\t\t\t<div class=\"elementor-widget-container\">\n\t\t\t\t\t\t\t\t\t\t\t\t\t\t\t<img decoding=\"async\" width=\"720\" height=\"474\" src=\"https:\/\/johanessspagrandbaie.com\/wp-content\/uploads\/2024\/10\/photo-pedicure-homme.jpg\" class=\"attachment-large size-large wp-image-2588\" alt=\"\" srcset=\"https:\/\/johanessspagrandbaie.com\/wp-content\/uploads\/2024\/10\/photo-pedicure-homme.jpg.webp 720w, https:\/\/johanessspagrandbaie.com\/wp-content\/uploads\/2024\/10\/photo-pedicure-homme-300x198.jpg.webp 300w\" sizes=\"(max-width: 720px) 100vw, 720px\" \/>\t\t\t\t\t\t\t\t\t\t\t\t\t\t\t<\/div>\n\t\t\t\t<\/div>\n\t\t\t\t<\/div>\n\t\t\t\t<div class=\"elementor-element elementor-element-84ba9b8 elementor-widget elementor-widget-heading\" data-id=\"84ba9b8\" data-element_type=\"widget\" data-e-type=\"widget\" data-widget_type=\"heading.default\">\n\t\t\t\t<div class=\"elementor-widget-container\">\n\t\t\t\t\t<h4 class=\"elementor-heading-title elementor-size-default\">Our Products<\/h4>\t\t\t\t<\/div>\n\t\t\t\t<\/div>\n\t\t\t\t<div class=\"elementor-element elementor-element-3a2a97d elementor-widget elementor-widget-heading\" data-id=\"3a2a97d\" data-element_type=\"widget\" data-e-type=\"widget\" data-widget_type=\"heading.default\">\n\t\t\t\t<div class=\"elementor-widget-container\">\n\t\t\t\t\t<h5 class=\"elementor-heading-title elementor-size-default\">Finish Chrome<\/h5>\t\t\t\t<\/div>\n\t\t\t\t<\/div>\n\t\t\t\t<div class=\"elementor-element elementor-element-0f3ef3c elementor-widget elementor-widget-text-editor\" data-id=\"0f3ef3c\" data-element_type=\"widget\" data-e-type=\"widget\" data-widget_type=\"text-editor.default\">\n\t\t\t\t<div class=\"elementor-widget-container\">\n\t\t\t\t\t\t\t\t\t<p>New concept, new product, new effect.\u00a0<\/p><p>Achieving a mirror finish requires several steps. We apply a metallic top coat, a metallic base, and a shimmering white powder, which is carefully spread over your nail to create the mirror effect.\u00a0<\/p><p>Each layer is cured.<\/p>\t\t\t\t\t\t\t\t<\/div>\n\t\t\t\t<\/div>\n\t\t\t\t\t<\/div>\n\t\t\t\t<\/div>\n\t\t<div class=\"elementor-element elementor-element-e70f6eb e-con-full e-flex e-con e-parent\" data-id=\"e70f6eb\" data-element_type=\"container\" data-e-type=\"container\">\n\t\t<div class=\"elementor-element elementor-element-d964ba8 e-con-full e-flex e-con e-child\" data-id=\"d964ba8\" data-element_type=\"container\" data-e-type=\"container\" data-settings=\"{&quot;background_background&quot;:&quot;classic&quot;}\">\n\t\t\t\t<div class=\"elementor-element elementor-element-2f42842 elementor-widget elementor-widget-heading\" data-id=\"2f42842\" data-element_type=\"widget\" data-e-type=\"widget\" data-widget_type=\"heading.default\">\n\t\t\t\t<div class=\"elementor-widget-container\">\n\t\t\t\t\t<h2 class=\"elementor-heading-title elementor-size-default\">Book your treatment<\/h2>\t\t\t\t<\/div>\n\t\t\t\t<\/div>\n\t\t\t\t<div class=\"elementor-element elementor-element-1af227d elementor-invisible elementor-widget elementor-widget-text-editor\" data-id=\"1af227d\" data-element_type=\"widget\" data-e-type=\"widget\" data-settings=\"{&quot;_animation&quot;:&quot;fadeIn&quot;}\" data-widget_type=\"text-editor.default\">\n\t\t\t\t<div class=\"elementor-widget-container\">\n\t\t\t\t\t\t\t\t\t<p>Do you have any questions about our availability, rates, or treatments?\u00a0<\/p><p>Contact us now\u2014our team will be happy to assist you and help you choose the perfect treatment.<\/p>\t\t\t\t\t\t\t\t<\/div>\n\t\t\t\t<\/div>\n\t\t\t\t<div class=\"elementor-element elementor-element-c60ad9e elementor-mobile-align-justify elementor-align-center elementor-widget elementor-widget-button\" data-id=\"c60ad9e\" data-element_type=\"widget\" data-e-type=\"widget\" data-widget_type=\"button.default\">\n\t\t\t\t<div class=\"elementor-widget-container\">\n\t\t\t\t\t\t\t\t\t<div class=\"elementor-button-wrapper\">\n\t\t\t\t\t<a class=\"elementor-button elementor-button-link elementor-size-sm\" href=\"https:\/\/johanessspagrandbaie.com\/en\/contact\/\">\n\t\t\t\t\t\t<span class=\"elementor-button-content-wrapper\">\n\t\t\t\t\t\t\t\t\t<span class=\"elementor-button-text\">Contact Us<\/span>\n\t\t\t\t\t<\/span>\n\t\t\t\t\t<\/a>\n\t\t\t\t<\/div>\n\t\t\t\t\t\t\t\t<\/div>\n\t\t\t\t<\/div>\n\t\t\t\t<\/div>\n\t\t\t\t<\/div>\n\t\t\t\t<\/div>","protected":false},"excerpt":{"rendered":"<p>Soins des Ongles Nos soins des ongles sont con\u00e7us pour r\u00e9pondre \u00e0 toutes vos envies.\u00a0 Sublimez vos Ongles avec nos Soins Sp\u00e9cialis\u00e9s Offrez \u00e0 vos ongles l&rsquo;attention qu&rsquo;ils m\u00e9ritent avec nos soins sp\u00e9cialis\u00e9s. Que ce soit pour une manucure ou p\u00e9dicure classique, un vernis longue dur\u00e9e, ou un soin spa complet, nos th\u00e9rapeutes vous garantissent [&hellip;]<\/p>\n","protected":false},"author":1,"featured_media":0,"parent":0,"menu_order":0,"comment_status":"closed","ping_status":"closed","template":"","meta":{"site-sidebar-layout":"no-sidebar","site-content-layout":"page-builder","ast-site-content-layout":"full-width-container","site-content-style":"unboxed","site-sidebar-style":"unboxed","ast-global-header-display":"","ast-banner-title-visibility":"","ast-main-header-display":"","ast-hfb-above-header-display":"","ast-hfb-below-header-display":"","ast-hfb-mobile-header-display":"","site-post-title":"disabled","ast-breadcrumbs-content":"","ast-featured-img":"disabled","footer-sml-layout":"","ast-disable-related-posts":"","theme-transparent-header-meta":"enabled","adv-header-id-meta":"","stick-header-meta":"","header-above-stick-meta":"","header-main-stick-meta":"","header-below-stick-meta":"","astra-migrate-meta-layouts":"set","ast-page-background-enabled":"default","ast-page-background-meta":{"desktop":{"background-color":"","background-image":"","background-repeat":"repeat","background-position":"center center","background-size":"auto","background-attachment":"scroll","background-type":"","background-media":"","overlay-type":"","overlay-color":"","overlay-opacity":"","overlay-gradient":""},"tablet":{"background-color":"","background-image":"","background-repeat":"repeat","background-position":"center center","background-size":"auto","background-attachment":"scroll","background-type":"","background-media":"","overlay-type":"","overlay-color":"","overlay-opacity":"","overlay-gradient":""},"mobile":{"background-color":"","background-image":"","background-repeat":"repeat","background-position":"center center","background-size":"auto","background-attachment":"scroll","background-type":"","background-media":"","overlay-type":"","overlay-color":"","overlay-opacity":"","overlay-gradient":""}},"ast-content-background-meta":{"desktop":{"background-color":"var(--ast-global-color-5)","background-image":"","background-repeat":"repeat","background-position":"center center","background-size":"auto","background-attachment":"scroll","background-type":"","background-media":"","overlay-type":"","overlay-color":"","overlay-opacity":"","overlay-gradient":""},"tablet":{"background-color":"var(--ast-global-color-5)","background-image":"","background-repeat":"repeat","background-position":"center center","background-size":"auto","background-attachment":"scroll","background-type":"","background-media":"","overlay-type":"","overlay-color":"","overlay-opacity":"","overlay-gradient":""},"mobile":{"background-color":"var(--ast-global-color-5)","background-image":"","background-repeat":"repeat","background-position":"center center","background-size":"auto","background-attachment":"scroll","background-type":"","background-media":"","overlay-type":"","overlay-color":"","overlay-opacity":"","overlay-gradient":""}},"footnotes":""},"class_list":["post-2258","page","type-page","status-publish","hentry"],"_links":{"self":[{"href":"https:\/\/johanessspagrandbaie.com\/en\/wp-json\/wp\/v2\/pages\/2258","targetHints":{"allow":["GET"]}}],"collection":[{"href":"https:\/\/johanessspagrandbaie.com\/en\/wp-json\/wp\/v2\/pages"}],"about":[{"href":"https:\/\/johanessspagrandbaie.com\/en\/wp-json\/wp\/v2\/types\/page"}],"author":[{"embeddable":true,"href":"https:\/\/johanessspagrandbaie.com\/en\/wp-json\/wp\/v2\/users\/1"}],"replies":[{"embeddable":true,"href":"https:\/\/johanessspagrandbaie.com\/en\/wp-json\/wp\/v2\/comments?post=2258"}],"version-history":[{"count":166,"href":"https:\/\/johanessspagrandbaie.com\/en\/wp-json\/wp\/v2\/pages\/2258\/revisions"}],"predecessor-version":[{"id":4069,"href":"https:\/\/johanessspagrandbaie.com\/en\/wp-json\/wp\/v2\/pages\/2258\/revisions\/4069"}],"wp:attachment":[{"href":"https:\/\/johanessspagrandbaie.com\/en\/wp-json\/wp\/v2\/media?parent=2258"}],"curies":[{"name":"wp","href":"https:\/\/api.w.org\/{rel}","templated":true}]}}