{"id":3955,"date":"2024-10-29T06:34:13","date_gmt":"2024-10-29T06:34:13","guid":{"rendered":"https:\/\/johanessspagrandbaie.com\/?page_id=3955"},"modified":"2024-10-30T08:02:45","modified_gmt":"2024-10-30T08:02:45","slug":"mentions-legales-et-politique-de-confidentialite","status":"publish","type":"page","link":"https:\/\/johanessspagrandbaie.com\/en\/mentions-legales-et-politique-de-confidentialite\/","title":{"rendered":"Mentions l\u00e9gales et politique de confidentialit\u00e9"},"content":{"rendered":"<div data-elementor-type=\"wp-page\" data-elementor-id=\"3955\" class=\"elementor elementor-3955\">\n\t\t\t\t<div class=\"elementor-element elementor-element-a12e408 e-flex e-con-boxed e-con e-parent\" data-id=\"a12e408\" data-element_type=\"container\" data-e-type=\"container\">\n\t\t\t\t\t<div class=\"e-con-inner\">\n\t\t\t\t<div class=\"elementor-element elementor-element-ab872c5 elementor-widget elementor-widget-heading\" data-id=\"ab872c5\" data-element_type=\"widget\" data-e-type=\"widget\" data-widget_type=\"heading.default\">\n\t\t\t\t<div class=\"elementor-widget-container\">\n\t\t\t\t\t<h1 class=\"elementor-heading-title elementor-size-default\">Mentions l\u00e9gales et politique de confidentialit\u00e9\n<\/h1>\t\t\t\t<\/div>\n\t\t\t\t<\/div>\n\t\t\t\t<div class=\"elementor-element elementor-element-46ede47 elementor-widget elementor-widget-heading\" data-id=\"46ede47\" data-element_type=\"widget\" data-e-type=\"widget\" data-widget_type=\"heading.default\">\n\t\t\t\t<div class=\"elementor-widget-container\">\n\t\t\t\t\t<h2 class=\"elementor-heading-title elementor-size-default\">Politique de confidentialit\u00e9\n<\/h2>\t\t\t\t<\/div>\n\t\t\t\t<\/div>\n\t\t\t\t<div class=\"elementor-element elementor-element-577ad56 elementor-widget elementor-widget-heading\" data-id=\"577ad56\" data-element_type=\"widget\" data-e-type=\"widget\" data-widget_type=\"heading.default\">\n\t\t\t\t<div class=\"elementor-widget-container\">\n\t\t\t\t\t<h3 class=\"elementor-heading-title elementor-size-default\">1. Introduction\n<\/h3>\t\t\t\t<\/div>\n\t\t\t\t<\/div>\n\t\t\t\t<div class=\"elementor-element elementor-element-232a002 elementor-widget elementor-widget-text-editor\" data-id=\"232a002\" data-element_type=\"widget\" data-e-type=\"widget\" data-widget_type=\"text-editor.default\">\n\t\t\t\t<div class=\"elementor-widget-container\">\n\t\t\t\t\t\t\t\t\t<div class=\"elementor-element elementor-element-9cd9b3c elementor-widget elementor-widget-text-editor\" data-id=\"9cd9b3c\" data-element_type=\"widget\" data-widget_type=\"text-editor.default\">\n<div class=\"elementor-widget-container\">\n<div class=\"elementor-element elementor-element-505b1ab elementor-widget elementor-widget-text-editor\" data-id=\"505b1ab\" data-element_type=\"widget\" data-widget_type=\"text-editor.default\">\n<div class=\"elementor-widget-container\">\n<div class=\"elementor-element elementor-element-417a441 elementor-widget elementor-widget-text-editor\" data-id=\"417a441\" data-element_type=\"widget\" data-widget_type=\"text-editor.default\">\n<div class=\"elementor-widget-container\">\n<p>Bienvenue sur le site web <a href=\"https:\/\/johanessspagrandbaie.com\/en\/\">https:\/\/johanessspagrandbaie.com<\/a>. Ce site web appartient \u00e0 l\u2019entreprise Johaness Spa Grand Baie (BRN: C22186806 | Si\u00e8ge social: Chemin Vingt Pieds; Grand Baie, Maurice) et est con\u00e7u par Lakaz Web Ltd. Nous accordons une grande importance \u00e0 la protection de votre vie priv\u00e9e et \u00e0 la s\u00e9curit\u00e9 de vos donn\u00e9es personnelles. Cette politique de confidentialit\u00e9 vous informe sur la mani\u00e8re dont nous collectons, utilisons, partageons et prot\u00e9geons vos donn\u00e9es personnelles lorsque vous visitez notre site web.<\/p>\n<\/div>\n<\/div>\n<\/div>\n<\/div>\n<\/div>\n<\/div>\t\t\t\t\t\t\t\t<\/div>\n\t\t\t\t<\/div>\n\t\t\t\t<div class=\"elementor-element elementor-element-0a38bc8 elementor-widget elementor-widget-heading\" data-id=\"0a38bc8\" data-element_type=\"widget\" data-e-type=\"widget\" data-widget_type=\"heading.default\">\n\t\t\t\t<div class=\"elementor-widget-container\">\n\t\t\t\t\t<h3 class=\"elementor-heading-title elementor-size-default\">2. Donn\u00e9es personnelles collect\u00e9es\n<\/h3>\t\t\t\t<\/div>\n\t\t\t\t<\/div>\n\t\t\t\t<div class=\"elementor-element elementor-element-ea9fb1b elementor-widget elementor-widget-text-editor\" data-id=\"ea9fb1b\" data-element_type=\"widget\" data-e-type=\"widget\" data-widget_type=\"text-editor.default\">\n\t\t\t\t<div class=\"elementor-widget-container\">\n\t\t\t\t\t\t\t\t\t<p>Nous pouvons collecter les types de donn\u00e9es personnelles suivants lorsque vous visitez notre site web :<\/p><ul><li><p><strong>Informations de contact<\/strong>\u00a0: Cela peut inclure votre nom, votre adresse e-mail, votre num\u00e9ro de t\u00e9l\u00e9phone, et toute autre information que vous choisissez de nous fournir via notre formulaire de contact.<\/p><\/li><li><p><strong>Donn\u00e9es d\u2019utilisation<\/strong>\u00a0: Nous pouvons collecter des informations sur la mani\u00e8re dont vous utilisez notre site web, y compris les pages que vous consultez, la date et l\u2019heure de votre visite, votre adresse IP, le type de navigateur que vous utilisez, et d\u2019autres informations de diagnostic.<\/p><\/li><\/ul>\t\t\t\t\t\t\t\t<\/div>\n\t\t\t\t<\/div>\n\t\t\t\t<div class=\"elementor-element elementor-element-5ee989e elementor-widget elementor-widget-heading\" data-id=\"5ee989e\" data-element_type=\"widget\" data-e-type=\"widget\" data-widget_type=\"heading.default\">\n\t\t\t\t<div class=\"elementor-widget-container\">\n\t\t\t\t\t<h3 class=\"elementor-heading-title elementor-size-default\">3. Utilisation des Donn\u00e9es Personnelles\n<\/h3>\t\t\t\t<\/div>\n\t\t\t\t<\/div>\n\t\t\t\t<div class=\"elementor-element elementor-element-7b90760 elementor-widget elementor-widget-text-editor\" data-id=\"7b90760\" data-element_type=\"widget\" data-e-type=\"widget\" data-widget_type=\"text-editor.default\">\n\t\t\t\t<div class=\"elementor-widget-container\">\n\t\t\t\t\t\t\t\t\t<div class=\"elementor-element elementor-element-4cfb72e elementor-widget elementor-widget-text-editor\" data-id=\"4cfb72e\" data-element_type=\"widget\" data-widget_type=\"text-editor.default\"><div class=\"elementor-widget-container\"><p>Nous utilisons les donn\u00e9es personnelles que nous collectons \u00e0 des fins suivantes :<\/p><ul><li><p>Pour r\u00e9pondre \u00e0 vos demandes et questions soumises via notre formulaire de contact.<\/p><\/li><li><p>Pour am\u00e9liorer notre site web et son contenu, et pour analyser les tendances d\u2019utilisation.<span style=\"text-align: var(--text-align); background-color: var(--ast-global-color-4); font-size: 1rem;\">\u00a0<\/span><\/p><\/li><\/ul><\/div><\/div>\t\t\t\t\t\t\t\t<\/div>\n\t\t\t\t<\/div>\n\t\t\t\t<div class=\"elementor-element elementor-element-a020b13 elementor-widget elementor-widget-heading\" data-id=\"a020b13\" data-element_type=\"widget\" data-e-type=\"widget\" data-widget_type=\"heading.default\">\n\t\t\t\t<div class=\"elementor-widget-container\">\n\t\t\t\t\t<h3 class=\"elementor-heading-title elementor-size-default\">4. Partage des Donn\u00e9es Personnelles\n<\/h3>\t\t\t\t<\/div>\n\t\t\t\t<\/div>\n\t\t\t\t<div class=\"elementor-element elementor-element-1e51335 elementor-widget elementor-widget-text-editor\" data-id=\"1e51335\" data-element_type=\"widget\" data-e-type=\"widget\" data-widget_type=\"text-editor.default\">\n\t\t\t\t<div class=\"elementor-widget-container\">\n\t\t\t\t\t\t\t\t\t<div class=\"elementor-element elementor-element-271f787 elementor-widget elementor-widget-text-editor\" data-id=\"271f787\" data-element_type=\"widget\" data-widget_type=\"text-editor.default\"><div class=\"elementor-widget-container\"><div class=\"elementor-element elementor-element-c74c266 elementor-widget elementor-widget-text-editor\" data-id=\"c74c266\" data-element_type=\"widget\" data-widget_type=\"text-editor.default\"><div class=\"elementor-widget-container\"><div class=\"elementor-element elementor-element-48da2ea elementor-widget elementor-widget-text-editor\" data-id=\"48da2ea\" data-element_type=\"widget\" data-widget_type=\"text-editor.default\"><div class=\"elementor-widget-container\"><p>Aucune information personnelle de l\u2019utilisateur du site <a href=\"https:\/\/johanessspagrandbaie.com\/en\/\">johanessspagrandbaie.com<\/a> n\u2019est publi\u00e9e \u00e0 l\u2019insu de l\u2019utilisateur, \u00e9chang\u00e9e, transf\u00e9r\u00e9e, c\u00e9d\u00e9e ou vendue sur un support quelconque \u00e0 des tiers.<\/p><\/div><\/div><\/div><\/div><\/div><\/div>\t\t\t\t\t\t\t\t<\/div>\n\t\t\t\t<\/div>\n\t\t\t\t<div class=\"elementor-element elementor-element-d2e7235 elementor-widget elementor-widget-heading\" data-id=\"d2e7235\" data-element_type=\"widget\" data-e-type=\"widget\" data-widget_type=\"heading.default\">\n\t\t\t\t<div class=\"elementor-widget-container\">\n\t\t\t\t\t<h3 class=\"elementor-heading-title elementor-size-default\">5. S\u00e9curit\u00e9 des Donn\u00e9es\n<\/h3>\t\t\t\t<\/div>\n\t\t\t\t<\/div>\n\t\t\t\t<div class=\"elementor-element elementor-element-b0a32ed elementor-widget elementor-widget-text-editor\" data-id=\"b0a32ed\" data-element_type=\"widget\" data-e-type=\"widget\" data-widget_type=\"text-editor.default\">\n\t\t\t\t<div class=\"elementor-widget-container\">\n\t\t\t\t\t\t\t\t\t<div class=\"elementor-element elementor-element-f2a8c41 elementor-widget elementor-widget-text-editor\" data-id=\"f2a8c41\" data-element_type=\"widget\" data-widget_type=\"text-editor.default\"><div class=\"elementor-widget-container\"><div class=\"elementor-element elementor-element-1e1c39a elementor-widget elementor-widget-text-editor\" data-id=\"1e1c39a\" data-element_type=\"widget\" data-widget_type=\"text-editor.default\"><div class=\"elementor-widget-container\"><div class=\"elementor-element elementor-element-75b4ce2 elementor-widget elementor-widget-text-editor\" data-id=\"75b4ce2\" data-element_type=\"widget\" data-widget_type=\"text-editor.default\"><div class=\"elementor-widget-container\"><p>Nous prenons des mesures de s\u00e9curit\u00e9 appropri\u00e9es pour prot\u00e9ger vos donn\u00e9es personnelles contre tout acc\u00e8s non autoris\u00e9, alt\u00e9ration, divulgation ou destruction.<\/p><\/div><\/div><\/div><\/div><\/div><\/div>\t\t\t\t\t\t\t\t<\/div>\n\t\t\t\t<\/div>\n\t\t\t\t<div class=\"elementor-element elementor-element-02135c9 elementor-widget elementor-widget-heading\" data-id=\"02135c9\" data-element_type=\"widget\" data-e-type=\"widget\" data-widget_type=\"heading.default\">\n\t\t\t\t<div class=\"elementor-widget-container\">\n\t\t\t\t\t<h3 class=\"elementor-heading-title elementor-size-default\">6. Modifications de la Politique de Confidentialit\u00e9\n<\/h3>\t\t\t\t<\/div>\n\t\t\t\t<\/div>\n\t\t\t\t<div class=\"elementor-element elementor-element-d58e56c elementor-widget elementor-widget-text-editor\" data-id=\"d58e56c\" data-element_type=\"widget\" data-e-type=\"widget\" data-widget_type=\"text-editor.default\">\n\t\t\t\t<div class=\"elementor-widget-container\">\n\t\t\t\t\t\t\t\t\t<div class=\"elementor-element elementor-element-735567d elementor-widget elementor-widget-text-editor\" data-id=\"735567d\" data-element_type=\"widget\" data-widget_type=\"text-editor.default\"><div class=\"elementor-widget-container\"><div class=\"elementor-element elementor-element-267557b elementor-widget elementor-widget-text-editor\" data-id=\"267557b\" data-element_type=\"widget\" data-widget_type=\"text-editor.default\"><div class=\"elementor-widget-container\"><div class=\"elementor-element elementor-element-faa3c4f elementor-widget elementor-widget-text-editor\" data-id=\"faa3c4f\" data-element_type=\"widget\" data-widget_type=\"text-editor.default\"><div class=\"elementor-widget-container\"><p>Nous nous r\u00e9servons le droit de mettre \u00e0 jour cette politique de confidentialit\u00e9 de temps en temps. Les modifications entreront en vigueur d\u00e8s leur publication sur cette page. Nous vous encourageons \u00e0 consulter r\u00e9guli\u00e8rement cette page pour rester inform\u00e9 des changements \u00e9ventuels.<\/p><\/div><\/div><\/div><\/div><\/div><\/div>\t\t\t\t\t\t\t\t<\/div>\n\t\t\t\t<\/div>\n\t\t\t\t<div class=\"elementor-element elementor-element-2d6e454 elementor-widget elementor-widget-heading\" data-id=\"2d6e454\" data-element_type=\"widget\" data-e-type=\"widget\" data-widget_type=\"heading.default\">\n\t\t\t\t<div class=\"elementor-widget-container\">\n\t\t\t\t\t<h3 class=\"elementor-heading-title elementor-size-default\">7. Nous Contacter\n<\/h3>\t\t\t\t<\/div>\n\t\t\t\t<\/div>\n\t\t\t\t<div class=\"elementor-element elementor-element-6695684 elementor-widget elementor-widget-text-editor\" data-id=\"6695684\" data-element_type=\"widget\" data-e-type=\"widget\" data-widget_type=\"text-editor.default\">\n\t\t\t\t<div class=\"elementor-widget-container\">\n\t\t\t\t\t\t\t\t\t<div class=\"elementor-element elementor-element-dd76ff5 elementor-widget elementor-widget-text-editor\" data-id=\"dd76ff5\" data-element_type=\"widget\" data-widget_type=\"text-editor.default\"><div class=\"elementor-widget-container\"><p>Si vous avez des questions ou des pr\u00e9occupations concernant cette politique de confidentialit\u00e9 ou nos pratiques de confidentialit\u00e9, veuillez nous contacter \u00e0 l\u2019adresse e-mail contact@johanessspagandbaie.com<\/p><\/div><\/div><div class=\"elementor-element elementor-element-3092525 elementor-widget elementor-widget-heading\" data-id=\"3092525\" data-element_type=\"widget\" data-widget_type=\"heading.default\">\u00a0<\/div>\t\t\t\t\t\t\t\t<\/div>\n\t\t\t\t<\/div>\n\t\t\t\t<div class=\"elementor-element elementor-element-6c20f78 elementor-widget elementor-widget-heading\" data-id=\"6c20f78\" data-element_type=\"widget\" data-e-type=\"widget\" data-widget_type=\"heading.default\">\n\t\t\t\t<div class=\"elementor-widget-container\">\n\t\t\t\t\t<h2 class=\"elementor-heading-title elementor-size-default\">MENTIONS L\u00c9GALES\n<\/h2>\t\t\t\t<\/div>\n\t\t\t\t<\/div>\n\t\t\t\t<div class=\"elementor-element elementor-element-30d4332 elementor-widget elementor-widget-heading\" data-id=\"30d4332\" data-element_type=\"widget\" data-e-type=\"widget\" data-widget_type=\"heading.default\">\n\t\t\t\t<div class=\"elementor-widget-container\">\n\t\t\t\t\t<h3 class=\"elementor-heading-title elementor-size-default\">1. \u00c9diteur du Site<\/h3>\t\t\t\t<\/div>\n\t\t\t\t<\/div>\n\t\t\t\t<div class=\"elementor-element elementor-element-9bb38a5 elementor-widget elementor-widget-text-editor\" data-id=\"9bb38a5\" data-element_type=\"widget\" data-e-type=\"widget\" data-widget_type=\"text-editor.default\">\n\t\t\t\t<div class=\"elementor-widget-container\">\n\t\t\t\t\t\t\t\t\t<div class=\"elementor-element elementor-element-a9fcbf3 elementor-widget elementor-widget-text-editor\" data-id=\"a9fcbf3\" data-element_type=\"widget\" data-widget_type=\"text-editor.default\"><div class=\"elementor-widget-container\"><div class=\"elementor-element elementor-element-c22e1f7 elementor-widget elementor-widget-text-editor\" data-id=\"c22e1f7\" data-element_type=\"widget\" data-widget_type=\"text-editor.default\"><div class=\"elementor-widget-container\"><p>Le site web est \u00e9dit\u00e9 par Lakaz Web Ltd, (BRN : C23197833) une soci\u00e9t\u00e9 enregistr\u00e9e \u00e0 Quatre Bornes, Avenue Ylang Ylang, Maurice.<\/p><\/div><\/div><\/div><\/div>\t\t\t\t\t\t\t\t<\/div>\n\t\t\t\t<\/div>\n\t\t\t\t<div class=\"elementor-element elementor-element-10c7970 elementor-widget elementor-widget-heading\" data-id=\"10c7970\" data-element_type=\"widget\" data-e-type=\"widget\" data-widget_type=\"heading.default\">\n\t\t\t\t<div class=\"elementor-widget-container\">\n\t\t\t\t\t<h3 class=\"elementor-heading-title elementor-size-default\">2. H\u00e9bergement<\/h3>\t\t\t\t<\/div>\n\t\t\t\t<\/div>\n\t\t\t\t<div class=\"elementor-element elementor-element-fd6c68b elementor-widget elementor-widget-text-editor\" data-id=\"fd6c68b\" data-element_type=\"widget\" data-e-type=\"widget\" data-widget_type=\"text-editor.default\">\n\t\t\t\t<div class=\"elementor-widget-container\">\n\t\t\t\t\t\t\t\t\t<div class=\"elementor-element elementor-element-cffb779 elementor-widget elementor-widget-text-editor\" data-id=\"cffb779\" data-element_type=\"widget\" data-widget_type=\"text-editor.default\"><div class=\"elementor-widget-container\"><div class=\"elementor-element elementor-element-5f167bd elementor-widget elementor-widget-text-editor\" data-id=\"5f167bd\" data-element_type=\"widget\" data-widget_type=\"text-editor.default\"><div class=\"elementor-widget-container\"><p>Le site web est h\u00e9berg\u00e9 par Hostinger, dont le si\u00e8ge social est situ\u00e9 \u00e0 61 Lordou Vironos Street, 6023 Larnaca Chypre \u2013 0892977093.<\/p><\/div><\/div><\/div><\/div>\t\t\t\t\t\t\t\t<\/div>\n\t\t\t\t<\/div>\n\t\t\t\t<div class=\"elementor-element elementor-element-b5239d2 elementor-widget elementor-widget-heading\" data-id=\"b5239d2\" data-element_type=\"widget\" data-e-type=\"widget\" data-widget_type=\"heading.default\">\n\t\t\t\t<div class=\"elementor-widget-container\">\n\t\t\t\t\t<h3 class=\"elementor-heading-title elementor-size-default\">3. Droits d'Auteur<\/h3>\t\t\t\t<\/div>\n\t\t\t\t<\/div>\n\t\t\t\t<div class=\"elementor-element elementor-element-3156fd3 elementor-widget elementor-widget-text-editor\" data-id=\"3156fd3\" data-element_type=\"widget\" data-e-type=\"widget\" data-widget_type=\"text-editor.default\">\n\t\t\t\t<div class=\"elementor-widget-container\">\n\t\t\t\t\t\t\t\t\t<div class=\"elementor-element elementor-element-e94792e elementor-widget elementor-widget-text-editor\" data-id=\"e94792e\" data-element_type=\"widget\" data-widget_type=\"text-editor.default\"><div class=\"elementor-widget-container\"><div class=\"elementor-element elementor-element-ddd60e0 elementor-widget elementor-widget-text-editor\" data-id=\"ddd60e0\" data-element_type=\"widget\" data-widget_type=\"text-editor.default\"><div class=\"elementor-widget-container\"><div class=\"elementor-element elementor-element-99456c3 elementor-widget elementor-widget-text-editor\" data-id=\"99456c3\" data-element_type=\"widget\" data-widget_type=\"text-editor.default\"><div class=\"elementor-widget-container\"><p>Tous les contenus pr\u00e9sents sur ce site web, y compris les textes, les images, et les vid\u00e9os sont prot\u00e9g\u00e9s par le droit d\u2019auteur et appartiennent \u00e0 leurs propri\u00e9taires respectifs. Les images utilis\u00e9es sont soit la propri\u00e9t\u00e9 de \u00ab Johaness Spa Grand Baie \u00bb, soit des images libres de droit provenant de sources telles qu\u2019Unsplash et Pixabay.<\/p><\/div><\/div><\/div><\/div><\/div><\/div>\t\t\t\t\t\t\t\t<\/div>\n\t\t\t\t<\/div>\n\t\t\t\t<div class=\"elementor-element elementor-element-1012e11 elementor-widget elementor-widget-heading\" data-id=\"1012e11\" data-element_type=\"widget\" data-e-type=\"widget\" data-widget_type=\"heading.default\">\n\t\t\t\t<div class=\"elementor-widget-container\">\n\t\t\t\t\t<h3 class=\"elementor-heading-title elementor-size-default\">4 - Limitations contractuelles sur les donn\u00e9es techniques.<\/h3>\t\t\t\t<\/div>\n\t\t\t\t<\/div>\n\t\t\t\t<div class=\"elementor-element elementor-element-78975de elementor-widget elementor-widget-text-editor\" data-id=\"78975de\" data-element_type=\"widget\" data-e-type=\"widget\" data-widget_type=\"text-editor.default\">\n\t\t\t\t<div class=\"elementor-widget-container\">\n\t\t\t\t\t\t\t\t\t<p>Le Site utilise la technologie JavaScript.<\/p><p>Le Site Internet ne pourra \u00eatre tenu responsable de dommages mat\u00e9riels li\u00e9s \u00e0 l\u2019utilisation du Site. De plus, l\u2019utilisateur du site s\u2019engage \u00e0 acc\u00e9der au Site en utilisant un mat\u00e9riel r\u00e9cent, ne contenant pas de virus et avec un navigateur de derni\u00e8re g\u00e9n\u00e9ration mis \u00e0 jour.<\/p>\t\t\t\t\t\t\t\t<\/div>\n\t\t\t\t<\/div>\n\t\t\t\t<div class=\"elementor-element elementor-element-bb73d0a elementor-widget elementor-widget-heading\" data-id=\"bb73d0a\" data-element_type=\"widget\" data-e-type=\"widget\" data-widget_type=\"heading.default\">\n\t\t\t\t<div class=\"elementor-widget-container\">\n\t\t\t\t\t<h3 class=\"elementor-heading-title elementor-size-default\">5 - Limitations de responsabilit\u00e9.<\/h3>\t\t\t\t<\/div>\n\t\t\t\t<\/div>\n\t\t\t\t<div class=\"elementor-element elementor-element-d1b0dd0 elementor-widget elementor-widget-text-editor\" data-id=\"d1b0dd0\" data-element_type=\"widget\" data-e-type=\"widget\" data-widget_type=\"text-editor.default\">\n\t\t\t\t<div class=\"elementor-widget-container\">\n\t\t\t\t\t\t\t\t\t<p>L\u2019entreprise \u00ab Johaness Spa Grand Baie \u00bb ne pourra \u00eatre tenue responsable des dommages directs et indirects caus\u00e9s au mat\u00e9riel de l\u2019utilisateur, lors de l\u2019acc\u00e8s au site <a href=\"https:\/\/johanessspagrandbaie.com\/en\/\">https:\/\/johanessspagrandbaie.com<\/a>, et r\u00e9sultant soit de l\u2019utilisation d\u2019un mat\u00e9riel ne r\u00e9pondant pas aux sp\u00e9cifications indiqu\u00e9es au point 4, soit de l\u2019apparition d\u2019un bug ou d\u2019une incompatibilit\u00e9.<\/p><div class=\"elementor-element elementor-element-1c6dd76 elementor-widget elementor-widget-text-editor\" data-id=\"1c6dd76\" data-element_type=\"widget\" data-widget_type=\"text-editor.default\"><div class=\"elementor-widget-container\"><p>Des espaces interactifs (possibilit\u00e9 de poser des questions dans la page contact) sont \u00e0 la disposition des utilisateurs. Johaness Spa Grand Baie se r\u00e9serve le droit de supprimer, sans mise en demeure pr\u00e9alable, tout contenu d\u00e9pos\u00e9 dans cet espace qui contreviendrait \u00e0 la l\u00e9gislation applicable \u00e0 Maurice, en particulier aux dispositions relatives \u00e0 la protection des donn\u00e9es. Le cas \u00e9ch\u00e9ant, Johaness Spa Grand Baie et Lakaz Web Ltd se r\u00e9servent \u00e9galement la possibilit\u00e9 de mettre en cause la responsabilit\u00e9 civile et\/ou p\u00e9nale de l\u2019utilisateur, notamment en cas de message \u00e0 caract\u00e8re raciste, injurieux, diffamant, ou pornographique, quel que soit le support utilis\u00e9 (texte, photographie\u2026).<\/p><\/div><\/div>\t\t\t\t\t\t\t\t<\/div>\n\t\t\t\t<\/div>\n\t\t\t\t<div class=\"elementor-element elementor-element-14771c3 elementor-widget elementor-widget-heading\" data-id=\"14771c3\" data-element_type=\"widget\" data-e-type=\"widget\" data-widget_type=\"heading.default\">\n\t\t\t\t<div class=\"elementor-widget-container\">\n\t\t\t\t\t<h3 class=\"elementor-heading-title elementor-size-default\">6. Contact\n<\/h3>\t\t\t\t<\/div>\n\t\t\t\t<\/div>\n\t\t\t\t<div class=\"elementor-element elementor-element-72fabb5 elementor-widget elementor-widget-text-editor\" data-id=\"72fabb5\" data-element_type=\"widget\" data-e-type=\"widget\" data-widget_type=\"text-editor.default\">\n\t\t\t\t<div class=\"elementor-widget-container\">\n\t\t\t\t\t\t\t\t\t<p>Pour toute question ou demande, veuillez nous contacter \u00e0 l\u2019adresse e-mail contact@johanessspagrandbaie.com.<\/p>\t\t\t\t\t\t\t\t<\/div>\n\t\t\t\t<\/div>\n\t\t\t\t\t<\/div>\n\t\t\t\t<\/div>\n\t\t\t\t<\/div>","protected":false},"excerpt":{"rendered":"<p>Mentions l\u00e9gales et politique de confidentialit\u00e9 Politique de confidentialit\u00e9 1. Introduction Bienvenue sur le site web https:\/\/johanessspagrandbaie.com. Ce site web appartient \u00e0 l\u2019entreprise Johaness Spa Grand Baie (BRN: C22186806 | Si\u00e8ge social: Chemin Vingt Pieds; Grand Baie, Maurice) et est con\u00e7u par Lakaz Web Ltd. Nous accordons une grande importance \u00e0 la protection de votre [&hellip;]<\/p>\n","protected":false},"author":1,"featured_media":0,"parent":0,"menu_order":0,"comment_status":"closed","ping_status":"closed","template":"","meta":{"site-sidebar-layout":"no-sidebar","site-content-layout":"page-builder","ast-site-content-layout":"full-width-container","site-content-style":"default","site-sidebar-style":"default","ast-global-header-display":"","ast-banner-title-visibility":"","ast-main-header-display":"","ast-hfb-above-header-display":"","ast-hfb-below-header-display":"","ast-hfb-mobile-header-display":"","site-post-title":"disabled","ast-breadcrumbs-content":"","ast-featured-img":"disabled","footer-sml-layout":"","ast-disable-related-posts":"","theme-transparent-header-meta":"","adv-header-id-meta":"","stick-header-meta":"","header-above-stick-meta":"","header-main-stick-meta":"","header-below-stick-meta":"","astra-migrate-meta-layouts":"set","ast-page-background-enabled":"default","ast-page-background-meta":{"desktop":{"background-color":"","background-image":"","background-repeat":"repeat","background-position":"center center","background-size":"auto","background-attachment":"scroll","background-type":"","background-media":"","overlay-type":"","overlay-color":"","overlay-opacity":"","overlay-gradient":""},"tablet":{"background-color":"","background-image":"","background-repeat":"repeat","background-position":"center center","background-size":"auto","background-attachment":"scroll","background-type":"","background-media":"","overlay-type":"","overlay-color":"","overlay-opacity":"","overlay-gradient":""},"mobile":{"background-color":"","background-image":"","background-repeat":"repeat","background-position":"center center","background-size":"auto","background-attachment":"scroll","background-type":"","background-media":"","overlay-type":"","overlay-color":"","overlay-opacity":"","overlay-gradient":""}},"ast-content-background-meta":{"desktop":{"background-color":"var(--ast-global-color-5)","background-image":"","background-repeat":"repeat","background-position":"center center","background-size":"auto","background-attachment":"scroll","background-type":"","background-media":"","overlay-type":"","overlay-color":"","overlay-opacity":"","overlay-gradient":""},"tablet":{"background-color":"var(--ast-global-color-5)","background-image":"","background-repeat":"repeat","background-position":"center center","background-size":"auto","background-attachment":"scroll","background-type":"","background-media":"","overlay-type":"","overlay-color":"","overlay-opacity":"","overlay-gradient":""},"mobile":{"background-color":"var(--ast-global-color-5)","background-image":"","background-repeat":"repeat","background-position":"center center","background-size":"auto","background-attachment":"scroll","background-type":"","background-media":"","overlay-type":"","overlay-color":"","overlay-opacity":"","overlay-gradient":""}},"footnotes":""},"class_list":["post-3955","page","type-page","status-publish","hentry"],"_links":{"self":[{"href":"https:\/\/johanessspagrandbaie.com\/en\/wp-json\/wp\/v2\/pages\/3955","targetHints":{"allow":["GET"]}}],"collection":[{"href":"https:\/\/johanessspagrandbaie.com\/en\/wp-json\/wp\/v2\/pages"}],"about":[{"href":"https:\/\/johanessspagrandbaie.com\/en\/wp-json\/wp\/v2\/types\/page"}],"author":[{"embeddable":true,"href":"https:\/\/johanessspagrandbaie.com\/en\/wp-json\/wp\/v2\/users\/1"}],"replies":[{"embeddable":true,"href":"https:\/\/johanessspagrandbaie.com\/en\/wp-json\/wp\/v2\/comments?post=3955"}],"version-history":[{"count":49,"href":"https:\/\/johanessspagrandbaie.com\/en\/wp-json\/wp\/v2\/pages\/3955\/revisions"}],"predecessor-version":[{"id":4080,"href":"https:\/\/johanessspagrandbaie.com\/en\/wp-json\/wp\/v2\/pages\/3955\/revisions\/4080"}],"wp:attachment":[{"href":"https:\/\/johanessspagrandbaie.com\/en\/wp-json\/wp\/v2\/media?parent=3955"}],"curies":[{"name":"wp","href":"https:\/\/api.w.org\/{rel}","templated":true}]}}